{"id":1123,"date":"2025-04-18T05:58:14","date_gmt":"2025-04-18T05:58:14","guid":{"rendered":"https:\/\/strueraquapark.dk\/?page_id=1123"},"modified":"2025-04-19T04:34:41","modified_gmt":"2025-04-19T04:34:41","slug":"privacy-policy","status":"publish","type":"page","link":"https:\/\/strueraquapark.dk\/en\/privacy-policy\/","title":{"rendered":"Privacy Policy"},"content":{"rendered":"<div data-elementor-type=\"wp-page\" data-elementor-id=\"1123\" class=\"elementor elementor-1123\">\n\t\t\t\t\t\t<section class=\"elementor-section elementor-top-section elementor-element elementor-element-21772eae elementor-section-boxed elementor-section-height-default elementor-section-height-default\" data-id=\"21772eae\" data-element_type=\"section\" data-settings=\"{&quot;background_background&quot;:&quot;classic&quot;}\">\n\t\t\t\t\t\t\t<div class=\"elementor-background-overlay\"><\/div>\n\t\t\t\t\t\t\t<div class=\"elementor-container elementor-column-gap-default\">\n\t\t\t\t\t<div class=\"elementor-column elementor-col-100 elementor-top-column elementor-element elementor-element-50ff040f\" data-id=\"50ff040f\" data-element_type=\"column\" data-settings=\"{&quot;background_background&quot;:&quot;classic&quot;}\">\n\t\t\t<div class=\"elementor-widget-wrap elementor-element-populated\">\n\t\t\t\t\t\t<div class=\"elementor-element elementor-element-408326b6 elementor-widget elementor-widget-heading\" data-id=\"408326b6\" data-element_type=\"widget\" data-widget_type=\"heading.default\">\n\t\t\t\t<div class=\"elementor-widget-container\">\n\t\t\t\t\t<h2 class=\"elementor-heading-title elementor-size-default\">Privacy Policy<\/h2>\t\t\t\t<\/div>\n\t\t\t\t<\/div>\n\t\t\t\t<div class=\"elementor-element elementor-element-5557ea8 elementor-icon-list--layout-inline elementor-align-center elementor-list-item-link-full_width elementor-widget elementor-widget-icon-list\" data-id=\"5557ea8\" data-element_type=\"widget\" data-widget_type=\"icon-list.default\">\n\t\t\t\t<div class=\"elementor-widget-container\">\n\t\t\t\t\t\t\t<ul class=\"elementor-icon-list-items elementor-inline-items\">\n\t\t\t\t\t\t\t<li class=\"elementor-icon-list-item elementor-inline-item\">\n\t\t\t\t\t\t\t\t\t\t\t<a href=\"\/en\/\">\n\n\t\t\t\t\t\t\t\t\t\t\t<span class=\"elementor-icon-list-text\">Home<\/span>\n\t\t\t\t\t\t\t\t\t\t\t<\/a>\n\t\t\t\t\t\t\t\t\t<\/li>\n\t\t\t\t\t\t\t\t<li class=\"elementor-icon-list-item elementor-inline-item\">\n\t\t\t\t\t\t\t\t\t\t\t<span class=\"elementor-icon-list-icon\">\n\t\t\t\t\t\t\t<i aria-hidden=\"true\" class=\"fas fa-chevron-right\"><\/i>\t\t\t\t\t\t<\/span>\n\t\t\t\t\t\t\t\t\t\t<span class=\"elementor-icon-list-text\">Privacy Policy<\/span>\n\t\t\t\t\t\t\t\t\t<\/li>\n\t\t\t\t\t\t<\/ul>\n\t\t\t\t\t\t<\/div>\n\t\t\t\t<\/div>\n\t\t\t\t\t<\/div>\n\t\t<\/div>\n\t\t\t\t\t<\/div>\n\t\t<\/section>\n\t\t\t\t<section class=\"elementor-section elementor-top-section elementor-element elementor-element-3b936b7f elementor-section-boxed elementor-section-height-default elementor-section-height-default\" data-id=\"3b936b7f\" data-element_type=\"section\" data-settings=\"{&quot;background_background&quot;:&quot;classic&quot;}\">\n\t\t\t\t\t\t<div class=\"elementor-container elementor-column-gap-default\">\n\t\t\t\t\t<div class=\"elementor-column elementor-col-100 elementor-top-column elementor-element elementor-element-48a46307\" data-id=\"48a46307\" data-element_type=\"column\">\n\t\t\t<div class=\"elementor-widget-wrap elementor-element-populated\">\n\t\t\t\t\t\t<div class=\"elementor-element elementor-element-3990261d elementor-widget elementor-widget-text-editor\" data-id=\"3990261d\" data-element_type=\"widget\" data-widget_type=\"text-editor.default\">\n\t\t\t\t<div class=\"elementor-widget-container\">\n\t\t\t\t\t\t\t\t\t<p>At Struer Aqua Park we are committed to protecting your personal information and your right to privacy. This privacy policy explains how we collect, use and protect your information when you visit our website.<\/p><h4>Information we collect<\/h4><p>We may collect personal information such as your name, email address, telephone number and other details you provide via our contact forms or newsletter subscriptions.<\/p><h4>How we use your information<\/h4><p>Your information is used to:<\/p><ul><li>Respond to your inquiries<\/li><li>Improve our website and services<\/li><li>Send you updates or promotional content (only if you opt in)<\/li><\/ul><h4>Sharing information<\/h4><p>We do not sell, rent, or share your personal data with third parties, except where required by law or to deliver requested services.<\/p><h4>Cookies<\/h4><p>Our website may use cookies to enhance your browsing experience. You can disable cookies in your browser settings.<\/p><h4>Data security<\/h4><p>We implement appropriate security measures to protect your data from unauthorized access, disclosure, or loss.<\/p><h4>Your rights<\/h4><p>You can request to review, update, or delete your personal data at any time by contacting us.<\/p><h4>Changes to this policy<\/h4><p>We may update this Privacy Policy occasionally. Any changes will be posted on this page with a revised date.<\/p><h4>Contact Us<\/h4><p>If you have any questions about this Privacy Policy, please contact us at:<br \/>\ud83d\udce7 <a href=\"mailto:info@strueraquapark.dk\">info@strueraquapark.dk<\/a><\/p>\t\t\t\t\t\t\t\t<\/div>\n\t\t\t\t<\/div>\n\t\t\t\t\t<\/div>\n\t\t<\/div>\n\t\t\t\t\t<\/div>\n\t\t<\/section>\n\t\t\t\t<\/div>","protected":false},"excerpt":{"rendered":"<p>Privatlivspolitik Hjem Privatlivspolitik Hos Struer Aqua Park er vi forpligtet til at beskytte dine personlige oplysninger og din ret til privatliv. Denne privatlivspolitik forklarer, hvordan vi indsamler, bruger og beskytter dine oplysninger, n\u00e5r du bes\u00f8ger vores hjemmeside. Oplysninger, vi indsamler Vi kan indsamle personlige oplysninger s\u00e5som dit navn, e-mailadresse, telefonnummer og andre detaljer, du giver [&hellip;]<\/p>","protected":false},"author":1,"featured_media":0,"parent":0,"menu_order":0,"comment_status":"closed","ping_status":"closed","template":"elementor_header_footer","meta":{"footnotes":""},"class_list":["post-1123","page","type-page","status-publish","hentry"],"_links":{"self":[{"href":"https:\/\/strueraquapark.dk\/en\/wp-json\/wp\/v2\/pages\/1123","targetHints":{"allow":["GET"]}}],"collection":[{"href":"https:\/\/strueraquapark.dk\/en\/wp-json\/wp\/v2\/pages"}],"about":[{"href":"https:\/\/strueraquapark.dk\/en\/wp-json\/wp\/v2\/types\/page"}],"author":[{"embeddable":true,"href":"https:\/\/strueraquapark.dk\/en\/wp-json\/wp\/v2\/users\/1"}],"replies":[{"embeddable":true,"href":"https:\/\/strueraquapark.dk\/en\/wp-json\/wp\/v2\/comments?post=1123"}],"version-history":[{"count":0,"href":"https:\/\/strueraquapark.dk\/en\/wp-json\/wp\/v2\/pages\/1123\/revisions"}],"wp:attachment":[{"href":"https:\/\/strueraquapark.dk\/en\/wp-json\/wp\/v2\/media?parent=1123"}],"curies":[{"name":"wp","href":"https:\/\/api.w.org\/{rel}","templated":true}]}}