{"id":1134,"date":"2025-04-18T06:08:59","date_gmt":"2025-04-18T06:08:59","guid":{"rendered":"https:\/\/strueraquapark.dk\/?page_id=1134"},"modified":"2025-04-19T04:36:32","modified_gmt":"2025-04-19T04:36:32","slug":"terms-and-conditions","status":"publish","type":"page","link":"https:\/\/strueraquapark.dk\/en\/terms-and-conditions\/","title":{"rendered":"Terms and Conditions"},"content":{"rendered":"<div data-elementor-type=\"wp-page\" data-elementor-id=\"1134\" class=\"elementor elementor-1134\">\n\t\t\t\t\t\t<section class=\"elementor-section elementor-top-section elementor-element elementor-element-21772eae elementor-section-boxed elementor-section-height-default elementor-section-height-default\" data-id=\"21772eae\" data-element_type=\"section\" data-settings=\"{&quot;background_background&quot;:&quot;classic&quot;}\">\n\t\t\t\t\t\t\t<div class=\"elementor-background-overlay\"><\/div>\n\t\t\t\t\t\t\t<div class=\"elementor-container elementor-column-gap-default\">\n\t\t\t\t\t<div class=\"elementor-column elementor-col-100 elementor-top-column elementor-element elementor-element-50ff040f\" data-id=\"50ff040f\" data-element_type=\"column\" data-settings=\"{&quot;background_background&quot;:&quot;classic&quot;}\">\n\t\t\t<div class=\"elementor-widget-wrap elementor-element-populated\">\n\t\t\t\t\t\t<div class=\"elementor-element elementor-element-408326b6 elementor-widget elementor-widget-heading\" data-id=\"408326b6\" data-element_type=\"widget\" data-widget_type=\"heading.default\">\n\t\t\t\t<div class=\"elementor-widget-container\">\n\t\t\t\t\t<h2 class=\"elementor-heading-title elementor-size-default\">Terms and conditions<\/h2>\t\t\t\t<\/div>\n\t\t\t\t<\/div>\n\t\t\t\t<div class=\"elementor-element elementor-element-5557ea8 elementor-icon-list--layout-inline elementor-align-center elementor-list-item-link-full_width elementor-widget elementor-widget-icon-list\" data-id=\"5557ea8\" data-element_type=\"widget\" data-widget_type=\"icon-list.default\">\n\t\t\t\t<div class=\"elementor-widget-container\">\n\t\t\t\t\t\t\t<ul class=\"elementor-icon-list-items elementor-inline-items\">\n\t\t\t\t\t\t\t<li class=\"elementor-icon-list-item elementor-inline-item\">\n\t\t\t\t\t\t\t\t\t\t\t<a href=\"\/en\/\">\n\n\t\t\t\t\t\t\t\t\t\t\t<span class=\"elementor-icon-list-text\">Home<\/span>\n\t\t\t\t\t\t\t\t\t\t\t<\/a>\n\t\t\t\t\t\t\t\t\t<\/li>\n\t\t\t\t\t\t\t\t<li class=\"elementor-icon-list-item elementor-inline-item\">\n\t\t\t\t\t\t\t\t\t\t\t<span class=\"elementor-icon-list-icon\">\n\t\t\t\t\t\t\t<i aria-hidden=\"true\" class=\"fas fa-chevron-right\"><\/i>\t\t\t\t\t\t<\/span>\n\t\t\t\t\t\t\t\t\t\t<span class=\"elementor-icon-list-text\">Terms and conditions<\/span>\n\t\t\t\t\t\t\t\t\t<\/li>\n\t\t\t\t\t\t<\/ul>\n\t\t\t\t\t\t<\/div>\n\t\t\t\t<\/div>\n\t\t\t\t\t<\/div>\n\t\t<\/div>\n\t\t\t\t\t<\/div>\n\t\t<\/section>\n\t\t\t\t<section class=\"elementor-section elementor-top-section elementor-element elementor-element-3b936b7f elementor-section-boxed elementor-section-height-default elementor-section-height-default\" data-id=\"3b936b7f\" data-element_type=\"section\" data-settings=\"{&quot;background_background&quot;:&quot;classic&quot;}\">\n\t\t\t\t\t\t<div class=\"elementor-container elementor-column-gap-default\">\n\t\t\t\t\t<div class=\"elementor-column elementor-col-100 elementor-top-column elementor-element elementor-element-48a46307\" data-id=\"48a46307\" data-element_type=\"column\">\n\t\t\t<div class=\"elementor-widget-wrap elementor-element-populated\">\n\t\t\t\t\t\t<div class=\"elementor-element elementor-element-3990261d elementor-widget elementor-widget-text-editor\" data-id=\"3990261d\" data-element_type=\"widget\" data-widget_type=\"text-editor.default\">\n\t\t\t\t<div class=\"elementor-widget-container\">\n\t\t\t\t\t\t\t\t\t<p>Welcome to Struer Aqua Park! These terms and conditions describe the rules and regulations for using our website.<\/p><h4>Use of the website<\/h4><p>You agree to use this website only for lawful purposes and in a manner that does not infringe the rights of others or restrict their use of the site.<\/p><h4>Intellectual property<\/h4><p>All content on this website, including text, images, logos and graphics, is the property of [Your Website Name] and is protected by copyright laws. You may not use, reproduce or distribute any content without permission.<\/p><h4>User-submitted content<\/h4><p>Any content you submit (such as reviews or contact forms) must be accurate and must not be offensive, unlawful, or violate the rights of others.<\/p><h4>Limitation of liability<\/h4><p>We are not liable for any loss or damage resulting from your use of this website. All content is provided \u201cas is\u201d without warranties of any kind.<\/p><h4>External links<\/h4><p>Our website may contain links to third-party websites. We are not responsible for the content or privacy practices of those sites.<\/p><h4>Changes<\/h4><p>We reserve the right to update or change these terms at any time. Continued use of the website means you accept the changes.<\/p><h4>Changes to this policy<\/h4><p>We may update this Terms and Conditions occasionally. Any changes will be posted on this page with a revised date.<\/p><h4>Contact Us<\/h4><p>If you have any questions about this Privacy Policy, please contact us at:<br \/>\ud83d\udce7 <a href=\"mailto:info@strueraquapark.dk\">info@strueraquapark.dk<\/a><\/p>\t\t\t\t\t\t\t\t<\/div>\n\t\t\t\t<\/div>\n\t\t\t\t\t<\/div>\n\t\t<\/div>\n\t\t\t\t\t<\/div>\n\t\t<\/section>\n\t\t\t\t<\/div>","protected":false},"excerpt":{"rendered":"<p>Vilk\u00e5r og betingelser Hjem Vilk\u00e5r og betingelser Velkommen til Struer Aqua Park! Disse vilk\u00e5r og betingelser beskriver reglerne og reglerne for brug af vores hjemmeside. Brug af hjemmesiden Du accepterer kun at bruge denne hjemmeside til lovlige form\u00e5l og p\u00e5 en m\u00e5de, der ikke kr\u00e6nker andres rettigheder eller begr\u00e6nser deres brug af siden. Intellektuel ejendomsret [&hellip;]<\/p>","protected":false},"author":1,"featured_media":0,"parent":0,"menu_order":0,"comment_status":"closed","ping_status":"closed","template":"elementor_header_footer","meta":{"footnotes":""},"class_list":["post-1134","page","type-page","status-publish","hentry"],"_links":{"self":[{"href":"https:\/\/strueraquapark.dk\/en\/wp-json\/wp\/v2\/pages\/1134","targetHints":{"allow":["GET"]}}],"collection":[{"href":"https:\/\/strueraquapark.dk\/en\/wp-json\/wp\/v2\/pages"}],"about":[{"href":"https:\/\/strueraquapark.dk\/en\/wp-json\/wp\/v2\/types\/page"}],"author":[{"embeddable":true,"href":"https:\/\/strueraquapark.dk\/en\/wp-json\/wp\/v2\/users\/1"}],"replies":[{"embeddable":true,"href":"https:\/\/strueraquapark.dk\/en\/wp-json\/wp\/v2\/comments?post=1134"}],"version-history":[{"count":0,"href":"https:\/\/strueraquapark.dk\/en\/wp-json\/wp\/v2\/pages\/1134\/revisions"}],"wp:attachment":[{"href":"https:\/\/strueraquapark.dk\/en\/wp-json\/wp\/v2\/media?parent=1134"}],"curies":[{"name":"wp","href":"https:\/\/api.w.org\/{rel}","templated":true}]}}